{"id":149,"date":"2021-10-07T15:55:11","date_gmt":"2021-10-07T13:55:11","guid":{"rendered":"https:\/\/lilashes.fr\/?page_id=149"},"modified":"2021-10-07T15:55:49","modified_gmt":"2021-10-07T13:55:49","slug":"livraison-retours","status":"publish","type":"page","link":"https:\/\/lilashes.fr\/index.php\/livraison-retours\/","title":{"rendered":"Livraison &#038; Retours"},"content":{"rendered":"\n<h2 class=\"wp-block-heading\">Livraison<\/h2>\n\n\n\n<p>Nous livrons dans le monde entier via les services de La Poste, ainsi les tarifs en vigueur chez La Poste sont appliqu\u00e9s dans les livraisons. Les frais de livraison sont de minimum 4,50 \u20ac.<\/p>\n\n\n\n<h2 class=\"wp-block-heading\">Retours<\/h2>\n\n\n\n<p>Notre politique de remboursement et de retour dure 14 jours. Si 14 jours se sont \u00e9coul\u00e9s depuis votre achat, nous ne pouvons pas vous offrir un remboursement complet ou un \u00e9change.<\/p>\n\n\n\n<p>Pour \u00eatre \u00e9ligible \u00e0 un retour, votre article doit \u00eatre inutilis\u00e9 et dans le m\u00eame \u00e9tat que vous l&rsquo;avez re\u00e7u. Il doit \u00e9galement \u00eatre dans l&#8217;emballage d&rsquo;origine.<\/p>\n\n\n\n<p>Pour compl\u00e9ter votre retour, nous avons besoin d&rsquo;un re\u00e7u ou d&rsquo;une preuve d&rsquo;achat.<\/p>\n\n\n\n<h2 class=\"wp-block-heading\">Remboursements<\/h2>\n\n\n\n<p>Une fois votre retour re\u00e7u et inspect\u00e9, nous vous enverrons un e-mail pour vous informer que nous avons re\u00e7u votre article retourn\u00e9. Nous vous informerons \u00e9galement de l&rsquo;approbation ou du rejet de votre remboursement.<\/p>\n\n\n\n<p>Si vous \u00eates approuv\u00e9, votre remboursement sera trait\u00e9 et un cr\u00e9dit sera automatiquement appliqu\u00e9 \u00e0 votre carte de cr\u00e9dit ou \u00e0 votre mode de paiement original, dans un certain nombre de jours.<\/p>\n\n\n\n<h4 class=\"wp-block-heading\">Remboursements tardifs ou manquants<\/h4>\n\n\n\n<p>Si vous n&rsquo;avez pas encore re\u00e7u de remboursement, v\u00e9rifiez d&rsquo;abord \u00e0 nouveau votre compte bancaire.<\/p>\n\n\n\n<p>Ensuite, contactez votre soci\u00e9t\u00e9 de carte de cr\u00e9dit, cela peut prendre un certain temps avant que votre remboursement ne soit officiellement publi\u00e9.<\/p>\n\n\n\n<p>Contactez ensuite votre banque. Il y a souvent un certain temps de traitement avant qu&rsquo;un remboursement ne soit affich\u00e9.<\/p>\n\n\n\n<p>Si vous avez fait tout cela et que vous n&rsquo;avez toujours pas re\u00e7u votre remboursement, veuillez nous contacter par mail \u00e0 l&rsquo;adresse suivante : contact@lilashes.fr.<\/p>\n\n\n\n<h4 class=\"wp-block-heading\">Vendre des articles<\/h4>\n\n\n\n<p>Seuls les articles \u00e0 prix r\u00e9gulier peuvent \u00eatre rembours\u00e9s. Les articles sold\u00e9s ne peuvent pas \u00eatre rembours\u00e9s.<\/p>\n\n\n\n<h4 class=\"wp-block-heading\">Exp\u00e9dition &amp; retours<\/h4>\n\n\n\n<p>Pour retourner votre produit, vous devez envoyer votre produit \u00e0\u00a0Reims, l&rsquo;adresse exacte vous sera communiqu\u00e9 lors de votre demande de retour.<\/p>\n\n\n\n<p>Vous serez responsable du paiement de vos propres frais d&rsquo;exp\u00e9dition pour le retour de votre article. Les frais d&rsquo;exp\u00e9dition ne sont pas remboursables. <\/p>\n\n\n\n<p>Selon l&rsquo;endroit o\u00f9 vous habitez, le temps n\u00e9cessaire pour que votre produit \u00e9chang\u00e9 vous parvienne peut varier.<\/p>\n\n\n\n<p>Si vous retournez des articles plus chers, vous pouvez envisager d&rsquo;utiliser un service d&rsquo;exp\u00e9dition tra\u00e7able ou de souscrire une assurance d&rsquo;exp\u00e9dition. Nous ne garantissons pas que nous recevrons votre article retourn\u00e9.<\/p>\n","protected":false},"excerpt":{"rendered":"<p>Livraison Nous livrons dans le monde entier via les services de La Poste, ainsi les tarifs en vigueur chez La Poste sont appliqu\u00e9s dans les livraisons. Les frais de livraison sont de minimum 4,50 \u20ac. Retours Notre politique de remboursement et de retour dure 14 jours. Si 14 jours se sont \u00e9coul\u00e9s depuis votre achat, [&hellip;]<\/p>\n","protected":false},"author":1,"featured_media":0,"parent":0,"menu_order":0,"comment_status":"closed","ping_status":"closed","template":"","meta":{"footnotes":""},"class_list":["post-149","page","type-page","status-publish","hentry","entry","owp-thumbs-layout-horizontal","owp-btn-normal","owp-tabs-layout-horizontal","has-no-thumbnails","has-product-nav"],"_links":{"self":[{"href":"https:\/\/lilashes.fr\/index.php\/wp-json\/wp\/v2\/pages\/149","targetHints":{"allow":["GET"]}}],"collection":[{"href":"https:\/\/lilashes.fr\/index.php\/wp-json\/wp\/v2\/pages"}],"about":[{"href":"https:\/\/lilashes.fr\/index.php\/wp-json\/wp\/v2\/types\/page"}],"author":[{"embeddable":true,"href":"https:\/\/lilashes.fr\/index.php\/wp-json\/wp\/v2\/users\/1"}],"replies":[{"embeddable":true,"href":"https:\/\/lilashes.fr\/index.php\/wp-json\/wp\/v2\/comments?post=149"}],"version-history":[{"count":1,"href":"https:\/\/lilashes.fr\/index.php\/wp-json\/wp\/v2\/pages\/149\/revisions"}],"predecessor-version":[{"id":455,"href":"https:\/\/lilashes.fr\/index.php\/wp-json\/wp\/v2\/pages\/149\/revisions\/455"}],"wp:attachment":[{"href":"https:\/\/lilashes.fr\/index.php\/wp-json\/wp\/v2\/media?parent=149"}],"curies":[{"name":"wp","href":"https:\/\/api.w.org\/{rel}","templated":true}]}}