{"id":10268,"date":"2023-11-13T14:45:25","date_gmt":"2023-11-13T13:45:25","guid":{"rendered":"https:\/\/lilashes.fr\/?post_type=product&#038;p=10268"},"modified":"2023-12-05T00:06:50","modified_gmt":"2023-12-04T23:06:50","slug":"pince-bouquets","status":"publish","type":"product","link":"https:\/\/lilashes.fr\/index.php\/produit\/pince-bouquets\/","title":{"rendered":"Pince bouquets"},"content":{"rendered":"<p>Cette pince est id\u00e9ale pour r\u00e9cup\u00e9rer et cr\u00e9er vos bouquets rapidement<\/p>\n","protected":false},"excerpt":{"rendered":"<p>Cette pince est id\u00e9ale pour r\u00e9cup\u00e9rer et cr\u00e9er vos bouquets rapidement<\/p>\n","protected":false},"featured_media":10269,"comment_status":"open","ping_status":"closed","template":"","meta":[],"product_cat":[22],"product_tag":[],"class_list":{"0":"post-10268","1":"product","2":"type-product","3":"status-publish","4":"has-post-thumbnail","5":"hentry","6":"product_cat-accessoires","8":"entry","9":"has-media","10":"owp-thumbs-layout-horizontal","11":"owp-btn-normal","12":"owp-tabs-layout-horizontal","13":"has-no-thumbnails","14":"has-product-nav"},"_links":{"self":[{"href":"https:\/\/lilashes.fr\/index.php\/wp-json\/wp\/v2\/product\/10268","targetHints":{"allow":["GET"]}}],"collection":[{"href":"https:\/\/lilashes.fr\/index.php\/wp-json\/wp\/v2\/product"}],"about":[{"href":"https:\/\/lilashes.fr\/index.php\/wp-json\/wp\/v2\/types\/product"}],"replies":[{"embeddable":true,"href":"https:\/\/lilashes.fr\/index.php\/wp-json\/wp\/v2\/comments?post=10268"}],"version-history":[{"count":1,"href":"https:\/\/lilashes.fr\/index.php\/wp-json\/wp\/v2\/product\/10268\/revisions"}],"predecessor-version":[{"id":10270,"href":"https:\/\/lilashes.fr\/index.php\/wp-json\/wp\/v2\/product\/10268\/revisions\/10270"}],"wp:featuredmedia":[{"embeddable":true,"href":"https:\/\/lilashes.fr\/index.php\/wp-json\/wp\/v2\/media\/10269"}],"wp:attachment":[{"href":"https:\/\/lilashes.fr\/index.php\/wp-json\/wp\/v2\/media?parent=10268"}],"wp:term":[{"taxonomy":"product_cat","embeddable":true,"href":"https:\/\/lilashes.fr\/index.php\/wp-json\/wp\/v2\/product_cat?post=10268"},{"taxonomy":"product_tag","embeddable":true,"href":"https:\/\/lilashes.fr\/index.php\/wp-json\/wp\/v2\/product_tag?post=10268"}],"curies":[{"name":"wp","href":"https:\/\/api.w.org\/{rel}","templated":true}]}}