{"id":11358,"date":"2024-02-12T20:46:48","date_gmt":"2024-02-12T19:46:48","guid":{"rendered":"https:\/\/lilashes.fr\/?post_type=product&#038;p=11358"},"modified":"2024-06-11T21:12:03","modified_gmt":"2024-06-11T19:12:03","slug":"colle-rehaussement","status":"publish","type":"product","link":"https:\/\/lilashes.fr\/index.php\/produit\/colle-rehaussement\/","title":{"rendered":"Colle rehaussement"},"content":{"rendered":"<p>Une colle de la derni\u00e8re g\u00e9n\u00e9ration qui va acc\u00e9l\u00e9rer votre travail et qui vous permettra d\u2019avoir un rehaussement de cils avec une separation parfaite des cils naturelles.<\/p>\n<p>&nbsp;<\/p>\n<p>20G<\/p>\n","protected":false},"excerpt":{"rendered":"<p>Une colle de la derni\u00e8re g\u00e9n\u00e9ration qui va acc\u00e9l\u00e9rer votre travail et qui vous permettra d\u2019avoir un rehaussement de cils avec une separation parfaite des cils naturelles. &nbsp; 20G<\/p>\n","protected":false},"featured_media":11359,"comment_status":"open","ping_status":"closed","template":"","meta":[],"product_cat":[23],"product_tag":[],"class_list":{"0":"post-11358","1":"product","2":"type-product","3":"status-publish","4":"has-post-thumbnail","5":"hentry","6":"product_cat-liquides","8":"entry","9":"has-media","10":"owp-thumbs-layout-horizontal","11":"owp-btn-normal","12":"owp-tabs-layout-horizontal","13":"has-no-thumbnails","14":"has-product-nav"},"_links":{"self":[{"href":"https:\/\/lilashes.fr\/index.php\/wp-json\/wp\/v2\/product\/11358","targetHints":{"allow":["GET"]}}],"collection":[{"href":"https:\/\/lilashes.fr\/index.php\/wp-json\/wp\/v2\/product"}],"about":[{"href":"https:\/\/lilashes.fr\/index.php\/wp-json\/wp\/v2\/types\/product"}],"replies":[{"embeddable":true,"href":"https:\/\/lilashes.fr\/index.php\/wp-json\/wp\/v2\/comments?post=11358"}],"version-history":[{"count":1,"href":"https:\/\/lilashes.fr\/index.php\/wp-json\/wp\/v2\/product\/11358\/revisions"}],"predecessor-version":[{"id":11360,"href":"https:\/\/lilashes.fr\/index.php\/wp-json\/wp\/v2\/product\/11358\/revisions\/11360"}],"wp:featuredmedia":[{"embeddable":true,"href":"https:\/\/lilashes.fr\/index.php\/wp-json\/wp\/v2\/media\/11359"}],"wp:attachment":[{"href":"https:\/\/lilashes.fr\/index.php\/wp-json\/wp\/v2\/media?parent=11358"}],"wp:term":[{"taxonomy":"product_cat","embeddable":true,"href":"https:\/\/lilashes.fr\/index.php\/wp-json\/wp\/v2\/product_cat?post=11358"},{"taxonomy":"product_tag","embeddable":true,"href":"https:\/\/lilashes.fr\/index.php\/wp-json\/wp\/v2\/product_tag?post=11358"}],"curies":[{"name":"wp","href":"https:\/\/api.w.org\/{rel}","templated":true}]}}