{"id":11444,"date":"2024-11-18T15:05:45","date_gmt":"2024-11-18T14:05:45","guid":{"rendered":"https:\/\/lilashes.fr\/?post_type=product&#038;p=11444"},"modified":"2024-11-18T15:05:45","modified_gmt":"2024-11-18T14:05:45","slug":"degraissant-cils","status":"publish","type":"product","link":"https:\/\/lilashes.fr\/index.php\/produit\/degraissant-cils\/","title":{"rendered":"D\u00e9graissant cils"},"content":{"rendered":"<p>D\u00e9graissant cils pour une meilleur r\u00e9tention<\/p>\n","protected":false},"excerpt":{"rendered":"<p>D\u00e9graissant cils pour une meilleur r\u00e9tention<\/p>\n","protected":false},"featured_media":11445,"comment_status":"open","ping_status":"closed","template":"","meta":[],"product_cat":[23],"product_tag":[],"class_list":{"0":"post-11444","1":"product","2":"type-product","3":"status-publish","4":"has-post-thumbnail","5":"hentry","6":"product_cat-liquides","8":"entry","9":"has-media","10":"owp-thumbs-layout-horizontal","11":"owp-btn-normal","12":"owp-tabs-layout-horizontal","13":"has-no-thumbnails","14":"has-product-nav"},"_links":{"self":[{"href":"https:\/\/lilashes.fr\/index.php\/wp-json\/wp\/v2\/product\/11444","targetHints":{"allow":["GET"]}}],"collection":[{"href":"https:\/\/lilashes.fr\/index.php\/wp-json\/wp\/v2\/product"}],"about":[{"href":"https:\/\/lilashes.fr\/index.php\/wp-json\/wp\/v2\/types\/product"}],"replies":[{"embeddable":true,"href":"https:\/\/lilashes.fr\/index.php\/wp-json\/wp\/v2\/comments?post=11444"}],"version-history":[{"count":1,"href":"https:\/\/lilashes.fr\/index.php\/wp-json\/wp\/v2\/product\/11444\/revisions"}],"predecessor-version":[{"id":11446,"href":"https:\/\/lilashes.fr\/index.php\/wp-json\/wp\/v2\/product\/11444\/revisions\/11446"}],"wp:featuredmedia":[{"embeddable":true,"href":"https:\/\/lilashes.fr\/index.php\/wp-json\/wp\/v2\/media\/11445"}],"wp:attachment":[{"href":"https:\/\/lilashes.fr\/index.php\/wp-json\/wp\/v2\/media?parent=11444"}],"wp:term":[{"taxonomy":"product_cat","embeddable":true,"href":"https:\/\/lilashes.fr\/index.php\/wp-json\/wp\/v2\/product_cat?post=11444"},{"taxonomy":"product_tag","embeddable":true,"href":"https:\/\/lilashes.fr\/index.php\/wp-json\/wp\/v2\/product_tag?post=11444"}],"curies":[{"name":"wp","href":"https:\/\/api.w.org\/{rel}","templated":true}]}}