{"id":133,"date":"2021-07-18T18:49:30","date_gmt":"2021-07-18T16:49:30","guid":{"rendered":"https:\/\/lilashes.fr\/?post_type=product&#038;p=133"},"modified":"2023-11-13T13:01:49","modified_gmt":"2023-11-13T12:01:49","slug":"brow-lift","status":"publish","type":"product","link":"https:\/\/lilashes.fr\/index.php\/produit\/brow-lift\/","title":{"rendered":"Brow lift"},"content":{"rendered":"<p>La prestation la plus demand\u00e9e en 2021<\/p>\n<p>Brow Lift semi-permanent convient parfaitement aux professionnelles comme aux particuliers ! Il poss\u00e8de d\u00e9sormais une notice explicative compl\u00e8te au dos de l&#8217;emballage. Cette technique incroyable tr\u00e8s demand\u00e9e en salon de beaut\u00e9 pour gagner en volume, ou camoufler une ancienne pigmentation s&rsquo;utilise \u00e9galement a la maison pour usage personnel sur vos sourcils !<\/p>\n<p>Ce kit vous servira pour 5 \u00e0 10 applications environ selon la quantit\u00e9 appliqu\u00e9e.<\/p>\n","protected":false},"excerpt":{"rendered":"<p>La prestation le plus demand\u00e9 en 2021<\/p>\n","protected":false},"featured_media":436,"comment_status":"open","ping_status":"closed","template":"","meta":[],"product_cat":[23],"product_tag":[],"class_list":{"0":"post-133","1":"product","2":"type-product","3":"status-publish","4":"has-post-thumbnail","5":"hentry","6":"product_cat-liquides","8":"entry","9":"has-media","10":"owp-thumbs-layout-horizontal","11":"owp-btn-normal","12":"owp-tabs-layout-horizontal","13":"has-product-nav"},"_links":{"self":[{"href":"https:\/\/lilashes.fr\/index.php\/wp-json\/wp\/v2\/product\/133","targetHints":{"allow":["GET"]}}],"collection":[{"href":"https:\/\/lilashes.fr\/index.php\/wp-json\/wp\/v2\/product"}],"about":[{"href":"https:\/\/lilashes.fr\/index.php\/wp-json\/wp\/v2\/types\/product"}],"replies":[{"embeddable":true,"href":"https:\/\/lilashes.fr\/index.php\/wp-json\/wp\/v2\/comments?post=133"}],"version-history":[{"count":2,"href":"https:\/\/lilashes.fr\/index.php\/wp-json\/wp\/v2\/product\/133\/revisions"}],"predecessor-version":[{"id":10262,"href":"https:\/\/lilashes.fr\/index.php\/wp-json\/wp\/v2\/product\/133\/revisions\/10262"}],"wp:featuredmedia":[{"embeddable":true,"href":"https:\/\/lilashes.fr\/index.php\/wp-json\/wp\/v2\/media\/436"}],"wp:attachment":[{"href":"https:\/\/lilashes.fr\/index.php\/wp-json\/wp\/v2\/media?parent=133"}],"wp:term":[{"taxonomy":"product_cat","embeddable":true,"href":"https:\/\/lilashes.fr\/index.php\/wp-json\/wp\/v2\/product_cat?post=133"},{"taxonomy":"product_tag","embeddable":true,"href":"https:\/\/lilashes.fr\/index.php\/wp-json\/wp\/v2\/product_tag?post=133"}],"curies":[{"name":"wp","href":"https:\/\/api.w.org\/{rel}","templated":true}]}}