{"id":135,"date":"2021-07-18T18:52:44","date_gmt":"2021-07-18T16:52:44","guid":{"rendered":"https:\/\/lilashes.fr\/?post_type=product&#038;p=135"},"modified":"2022-04-23T00:49:39","modified_gmt":"2022-04-22T22:49:39","slug":"pince-volume-russe-luxe","status":"publish","type":"product","link":"https:\/\/lilashes.fr\/index.php\/produit\/pince-volume-russe-luxe\/","title":{"rendered":"Pince volume russe"},"content":{"rendered":"<p>La pince Volume russe est un \u00e9l\u00e9ment indispensable pour faire vos bouquets vous-m\u00eame. S\u00e9lectionnez le nombre d\u2019extensions souhait\u00e9 avec la pince en L, et resserrez le bouquet \u00e0 sa base. Vous pouvez d\u00e9sormais le tremper dans le point de colle avant de le fixer sur le cil naturel.<\/p>\n<p>1 Pince volume russe forme \u00ab L \u00bb<br \/>\nCouleur : M\u00e9tal<br \/>\nPince anti-statique<br \/>\nAnti-acide<br \/>\nNon corrosive<br \/>\nPince de grande pr\u00e9cision<br \/>\nMod\u00e8le: Luxe<\/p>\n<p><strong>Produit \u00e0 usage professionnel uniquement <\/strong><\/p>\n","protected":false},"excerpt":{"rendered":"<p>La pince Volume russe est un \u00e9l\u00e9ment indispensable pour faire vos bouquets vous-m\u00eame. S\u00e9lectionnez le nombre d\u2019extensions souhait\u00e9 avec la pince en L, et resserrez le bouquet \u00e0 sa base. Vous pouvez d\u00e9sormais le tremper dans le point de colle avant de le fixer sur le cil naturel. 1 Pince volume russe forme \u00ab L [&hellip;]<\/p>\n","protected":false},"featured_media":413,"comment_status":"open","ping_status":"closed","template":"","meta":[],"product_cat":[22],"product_tag":[],"class_list":{"0":"post-135","1":"product","2":"type-product","3":"status-publish","4":"has-post-thumbnail","5":"hentry","6":"product_cat-accessoires","8":"entry","9":"has-media","10":"owp-thumbs-layout-horizontal","11":"owp-btn-normal","12":"owp-tabs-layout-horizontal","13":"has-product-nav"},"_links":{"self":[{"href":"https:\/\/lilashes.fr\/index.php\/wp-json\/wp\/v2\/product\/135","targetHints":{"allow":["GET"]}}],"collection":[{"href":"https:\/\/lilashes.fr\/index.php\/wp-json\/wp\/v2\/product"}],"about":[{"href":"https:\/\/lilashes.fr\/index.php\/wp-json\/wp\/v2\/types\/product"}],"replies":[{"embeddable":true,"href":"https:\/\/lilashes.fr\/index.php\/wp-json\/wp\/v2\/comments?post=135"}],"version-history":[{"count":0,"href":"https:\/\/lilashes.fr\/index.php\/wp-json\/wp\/v2\/product\/135\/revisions"}],"wp:featuredmedia":[{"embeddable":true,"href":"https:\/\/lilashes.fr\/index.php\/wp-json\/wp\/v2\/media\/413"}],"wp:attachment":[{"href":"https:\/\/lilashes.fr\/index.php\/wp-json\/wp\/v2\/media?parent=135"}],"wp:term":[{"taxonomy":"product_cat","embeddable":true,"href":"https:\/\/lilashes.fr\/index.php\/wp-json\/wp\/v2\/product_cat?post=135"},{"taxonomy":"product_tag","embeddable":true,"href":"https:\/\/lilashes.fr\/index.php\/wp-json\/wp\/v2\/product_tag?post=135"}],"curies":[{"name":"wp","href":"https:\/\/api.w.org\/{rel}","templated":true}]}}