{"id":1416,"date":"2022-05-06T20:30:47","date_gmt":"2022-05-06T18:30:47","guid":{"rendered":"https:\/\/lilashes.fr\/?post_type=product&#038;p=1416"},"modified":"2025-07-09T15:23:45","modified_gmt":"2025-07-09T13:23:45","slug":"colle-ultra","status":"publish","type":"product","link":"https:\/\/lilashes.fr\/index.php\/produit\/colle-ultra\/","title":{"rendered":"Colle ultra"},"content":{"rendered":"<p style=\"text-align: left;\">Colle ultra pour un gain de temps consid\u00e9rable gr\u00e2ce au s\u00e9chage ultra rapide.<\/p>\n<p style=\"padding-left: 40px;\">Cette colle est plut\u00f4t r\u00e9serv\u00e9e aux techniciennes confirm\u00e9es. S\u00e8che en 0.5 secondes.<\/p>\n<p><strong>\u00a0Prise : imm\u00e9diate<\/strong><\/p>\n<p>Tenue: 5 semaines<\/p>\n","protected":false},"excerpt":{"rendered":"<p>Colle ultra pour un gain de temps consid\u00e9rable gr\u00e2ce au s\u00e9chage ultra rapide. Cette colle est plut\u00f4t r\u00e9serv\u00e9e aux techniciennes confirm\u00e9es. S\u00e8che en 0.5 secondes. \u00a0Prise : imm\u00e9diate Tenue: 5 semaines<\/p>\n","protected":false},"featured_media":1420,"comment_status":"open","ping_status":"closed","template":"","meta":[],"product_cat":[23],"product_tag":[],"class_list":{"0":"post-1416","1":"product","2":"type-product","3":"status-publish","4":"has-post-thumbnail","5":"hentry","6":"product_cat-liquides","8":"entry","9":"has-media","10":"owp-thumbs-layout-horizontal","11":"owp-btn-normal","12":"owp-tabs-layout-horizontal","13":"has-no-thumbnails","14":"has-product-nav"},"_links":{"self":[{"href":"https:\/\/lilashes.fr\/index.php\/wp-json\/wp\/v2\/product\/1416","targetHints":{"allow":["GET"]}}],"collection":[{"href":"https:\/\/lilashes.fr\/index.php\/wp-json\/wp\/v2\/product"}],"about":[{"href":"https:\/\/lilashes.fr\/index.php\/wp-json\/wp\/v2\/types\/product"}],"replies":[{"embeddable":true,"href":"https:\/\/lilashes.fr\/index.php\/wp-json\/wp\/v2\/comments?post=1416"}],"version-history":[{"count":2,"href":"https:\/\/lilashes.fr\/index.php\/wp-json\/wp\/v2\/product\/1416\/revisions"}],"predecessor-version":[{"id":7915,"href":"https:\/\/lilashes.fr\/index.php\/wp-json\/wp\/v2\/product\/1416\/revisions\/7915"}],"wp:featuredmedia":[{"embeddable":true,"href":"https:\/\/lilashes.fr\/index.php\/wp-json\/wp\/v2\/media\/1420"}],"wp:attachment":[{"href":"https:\/\/lilashes.fr\/index.php\/wp-json\/wp\/v2\/media?parent=1416"}],"wp:term":[{"taxonomy":"product_cat","embeddable":true,"href":"https:\/\/lilashes.fr\/index.php\/wp-json\/wp\/v2\/product_cat?post=1416"},{"taxonomy":"product_tag","embeddable":true,"href":"https:\/\/lilashes.fr\/index.php\/wp-json\/wp\/v2\/product_tag?post=1416"}],"curies":[{"name":"wp","href":"https:\/\/api.w.org\/{rel}","templated":true}]}}