{"id":495,"date":"2021-10-14T14:41:11","date_gmt":"2021-10-14T12:41:11","guid":{"rendered":"https:\/\/lilashes.fr\/?post_type=product&#038;p=495"},"modified":"2021-11-21T15:07:19","modified_gmt":"2021-11-21T14:07:19","slug":"pince-droite","status":"publish","type":"product","link":"https:\/\/lilashes.fr\/index.php\/produit\/pince-droite\/","title":{"rendered":"Pince droite"},"content":{"rendered":"<p><span style=\"font-weight: 400;\">La pince droite permet d\u2019attraper l\u2019extension de cil pour venir la coller sur le cil naturel. Pour la technique Russe, la pince droite sert a\u0300 isoler le cil naturel. Elle s\u2019utilise en comple\u0301ment d&rsquo;une pince courbe\u0301e ou d\u2019une pince en L.<\/span><\/p>\n<p><span style=\"font-weight: 400;\">Son embout fin permet une prise pr\u00e9cise. Instrument \u00e0 d\u00e9sinfecter avant et apr\u00e8s chaque utilisation. Produit \u00e0 usage professionnel uniquement.<\/span><\/p>\n<p>Couleur : M\u00e9tal<br \/>\nPince anti-statique<br \/>\nAnti-acide<br \/>\nNon corrosive<br \/>\nPince de grande pr\u00e9cision<\/p>\n<p><strong>Produit \u00e0 usage professionnel uniquement <\/strong><\/p>\n","protected":false},"excerpt":{"rendered":"<p>La pince droite permet d\u2019attraper l\u2019extension de cil pour venir la coller sur le cil naturel. Pour la technique Russe, la pince droite sert a\u0300 isoler le cil naturel. Elle s\u2019utilise en comple\u0301ment d&rsquo;une pince courbe\u0301e ou d\u2019une pince en L. Son embout fin permet une prise pr\u00e9cise. Instrument \u00e0 d\u00e9sinfecter avant et apr\u00e8s chaque [&hellip;]<\/p>\n","protected":false},"featured_media":525,"comment_status":"open","ping_status":"closed","template":"","meta":[],"product_cat":[22],"product_tag":[],"class_list":{"0":"post-495","1":"product","2":"type-product","3":"status-publish","4":"has-post-thumbnail","5":"hentry","6":"product_cat-accessoires","8":"entry","9":"has-media","10":"owp-thumbs-layout-horizontal","11":"owp-btn-normal","12":"owp-tabs-layout-horizontal","13":"has-product-nav"},"_links":{"self":[{"href":"https:\/\/lilashes.fr\/index.php\/wp-json\/wp\/v2\/product\/495","targetHints":{"allow":["GET"]}}],"collection":[{"href":"https:\/\/lilashes.fr\/index.php\/wp-json\/wp\/v2\/product"}],"about":[{"href":"https:\/\/lilashes.fr\/index.php\/wp-json\/wp\/v2\/types\/product"}],"replies":[{"embeddable":true,"href":"https:\/\/lilashes.fr\/index.php\/wp-json\/wp\/v2\/comments?post=495"}],"version-history":[{"count":0,"href":"https:\/\/lilashes.fr\/index.php\/wp-json\/wp\/v2\/product\/495\/revisions"}],"wp:featuredmedia":[{"embeddable":true,"href":"https:\/\/lilashes.fr\/index.php\/wp-json\/wp\/v2\/media\/525"}],"wp:attachment":[{"href":"https:\/\/lilashes.fr\/index.php\/wp-json\/wp\/v2\/media?parent=495"}],"wp:term":[{"taxonomy":"product_cat","embeddable":true,"href":"https:\/\/lilashes.fr\/index.php\/wp-json\/wp\/v2\/product_cat?post=495"},{"taxonomy":"product_tag","embeddable":true,"href":"https:\/\/lilashes.fr\/index.php\/wp-json\/wp\/v2\/product_tag?post=495"}],"curies":[{"name":"wp","href":"https:\/\/api.w.org\/{rel}","templated":true}]}}