{"id":509,"date":"2021-10-14T15:04:45","date_gmt":"2021-10-14T13:04:45","guid":{"rendered":"https:\/\/lilashes.fr\/?post_type=product&#038;p=509"},"modified":"2025-02-12T01:03:13","modified_gmt":"2025-02-12T00:03:13","slug":"easy-fans-taille-8-15","status":"publish","type":"product","link":"https:\/\/lilashes.fr\/index.php\/produit\/easy-fans-taille-8-15\/","title":{"rendered":"Easy Fans &#8211; taille mix du 8 au 15"},"content":{"rendered":"<p><span style=\"font-weight: 400;\">Un gain de temps \u00e9norme sur votre pose, pour des cils tr\u00e8s souples, brillants et noirs.<\/span><\/p>\n<p><span style=\"font-weight: 400;\">Le secret r\u00e9side dans l\u2019attache des cils sur les bandes. Vous s\u00e9lectionnez le nombre d\u2019extensions de cils souhait\u00e9, les cils ne se d\u00e9tachent jamais. Les bouquets sont instantan\u00e9ment cr\u00e9\u00e9s et pr\u00eats \u00e0 \u00eatre pos\u00e9s sur les cils naturels de vos clientes.<\/span><\/p>\n<p>&nbsp;<\/p>\n<p><span style=\"font-weight: 400;\">Diam\u00e8tre : 0.03 \/ 0.05 \/ 0.07 \/ 0.10<\/span><\/p>\n<p><span style=\"font-weight: 400;\">Courbure : C \/ D<\/span><\/p>\n<p><span style=\"font-weight: 400;\">Taille : MIX du 8 au 15<\/span><\/p>\n<p><span style=\"font-weight: 400;\">Couleur : noir profond<\/span><\/p>\n<p><span style=\"font-weight: 400;\">Mati\u00e8re : soie naturelle<\/span><\/p>\n","protected":false},"excerpt":{"rendered":"<p>Un gain de temps \u00e9norme sur votre pose, pour des cils tr\u00e8s souples, brillants et noirs. Le secret r\u00e9side dans l\u2019attache des cils sur les bandes. Vous s\u00e9lectionnez le nombre d\u2019extensions de cils souhait\u00e9, les cils ne se d\u00e9tachent jamais. Les bouquets sont instantan\u00e9ment cr\u00e9\u00e9s et pr\u00eats \u00e0 \u00eatre pos\u00e9s sur les cils naturels de [&hellip;]<\/p>\n","protected":false},"featured_media":521,"comment_status":"open","ping_status":"closed","template":"","meta":[],"product_cat":[18],"product_tag":[],"class_list":{"0":"post-509","1":"product","2":"type-product","3":"status-publish","4":"has-post-thumbnail","5":"hentry","6":"product_cat-cils","8":"entry","9":"has-media","10":"owp-thumbs-layout-horizontal","11":"owp-btn-normal","12":"owp-tabs-layout-horizontal","13":"has-no-thumbnails","14":"has-product-nav"},"_links":{"self":[{"href":"https:\/\/lilashes.fr\/index.php\/wp-json\/wp\/v2\/product\/509","targetHints":{"allow":["GET"]}}],"collection":[{"href":"https:\/\/lilashes.fr\/index.php\/wp-json\/wp\/v2\/product"}],"about":[{"href":"https:\/\/lilashes.fr\/index.php\/wp-json\/wp\/v2\/types\/product"}],"replies":[{"embeddable":true,"href":"https:\/\/lilashes.fr\/index.php\/wp-json\/wp\/v2\/comments?post=509"}],"version-history":[{"count":2,"href":"https:\/\/lilashes.fr\/index.php\/wp-json\/wp\/v2\/product\/509\/revisions"}],"predecessor-version":[{"id":8176,"href":"https:\/\/lilashes.fr\/index.php\/wp-json\/wp\/v2\/product\/509\/revisions\/8176"}],"wp:featuredmedia":[{"embeddable":true,"href":"https:\/\/lilashes.fr\/index.php\/wp-json\/wp\/v2\/media\/521"}],"wp:attachment":[{"href":"https:\/\/lilashes.fr\/index.php\/wp-json\/wp\/v2\/media?parent=509"}],"wp:term":[{"taxonomy":"product_cat","embeddable":true,"href":"https:\/\/lilashes.fr\/index.php\/wp-json\/wp\/v2\/product_cat?post=509"},{"taxonomy":"product_tag","embeddable":true,"href":"https:\/\/lilashes.fr\/index.php\/wp-json\/wp\/v2\/product_tag?post=509"}],"curies":[{"name":"wp","href":"https:\/\/api.w.org\/{rel}","templated":true}]}}