{"id":603,"date":"2021-10-14T18:01:33","date_gmt":"2021-10-14T16:01:33","guid":{"rendered":"https:\/\/lilashes.fr\/?post_type=product&#038;p=603"},"modified":"2025-01-06T13:21:17","modified_gmt":"2025-01-06T12:21:17","slug":"bouquets-6d","status":"publish","type":"product","link":"https:\/\/lilashes.fr\/index.php\/produit\/bouquets-6d\/","title":{"rendered":"Bouquets 6D"},"content":{"rendered":"<p><span style=\"font-weight: 400;\">Les extensions en bouquets vous permettent une pose en un temps record, puisqu\u2019ils sont d\u00e9j\u00e0 tout pr\u00eats.<\/span><span style=\"font-weight: 400;\"><br \/>\n<\/span><span style=\"font-weight: 400;\">Economisez votre temps de travail et celui de vos clientes.<\/span><span style=\"font-weight: 400;\"><br \/>\n<\/span><span style=\"font-weight: 400;\">Avec des bouquets pr\u00e9fabriqu\u00e9s m\u00eame les d\u00e9butants arrivent \u00e0 faire des poses sublimes.<\/span><\/p>\n<p>&nbsp;<\/p>\n<p><span style=\"font-weight: 400;\">Couleur : noir profond<\/span><\/p>\n<p><span style=\"font-weight: 400;\">Mati\u00e8re : soie naturelle<\/span><\/p>\n","protected":false},"excerpt":{"rendered":"<p>Les extensions en bouquets vous permettent une pose en un temps record, puisqu\u2019ils sont d\u00e9j\u00e0 tout pr\u00eats. Economisez votre temps de travail et celui de vos clientes. Avec des bouquets pr\u00e9fabriqu\u00e9s m\u00eame les d\u00e9butants arrivent \u00e0 faire des poses sublimes. &nbsp; Couleur : noir profond Mati\u00e8re : soie naturelle<\/p>\n","protected":false},"featured_media":517,"comment_status":"open","ping_status":"closed","template":"","meta":[],"product_cat":[18],"product_tag":[],"class_list":{"0":"post-603","1":"product","2":"type-product","3":"status-publish","4":"has-post-thumbnail","5":"hentry","6":"product_cat-cils","8":"entry","9":"has-media","10":"owp-thumbs-layout-horizontal","11":"owp-btn-normal","12":"owp-tabs-layout-horizontal","13":"has-no-thumbnails","14":"has-product-nav"},"_links":{"self":[{"href":"https:\/\/lilashes.fr\/index.php\/wp-json\/wp\/v2\/product\/603","targetHints":{"allow":["GET"]}}],"collection":[{"href":"https:\/\/lilashes.fr\/index.php\/wp-json\/wp\/v2\/product"}],"about":[{"href":"https:\/\/lilashes.fr\/index.php\/wp-json\/wp\/v2\/types\/product"}],"replies":[{"embeddable":true,"href":"https:\/\/lilashes.fr\/index.php\/wp-json\/wp\/v2\/comments?post=603"}],"version-history":[{"count":1,"href":"https:\/\/lilashes.fr\/index.php\/wp-json\/wp\/v2\/product\/603\/revisions"}],"predecessor-version":[{"id":875,"href":"https:\/\/lilashes.fr\/index.php\/wp-json\/wp\/v2\/product\/603\/revisions\/875"}],"wp:featuredmedia":[{"embeddable":true,"href":"https:\/\/lilashes.fr\/index.php\/wp-json\/wp\/v2\/media\/517"}],"wp:attachment":[{"href":"https:\/\/lilashes.fr\/index.php\/wp-json\/wp\/v2\/media?parent=603"}],"wp:term":[{"taxonomy":"product_cat","embeddable":true,"href":"https:\/\/lilashes.fr\/index.php\/wp-json\/wp\/v2\/product_cat?post=603"},{"taxonomy":"product_tag","embeddable":true,"href":"https:\/\/lilashes.fr\/index.php\/wp-json\/wp\/v2\/product_tag?post=603"}],"curies":[{"name":"wp","href":"https:\/\/api.w.org\/{rel}","templated":true}]}}