{"id":88,"date":"2021-07-18T18:28:35","date_gmt":"2021-07-18T16:28:35","guid":{"rendered":"https:\/\/lilashes.fr\/?post_type=product&#038;p=88"},"modified":"2023-11-13T13:02:10","modified_gmt":"2023-11-13T12:02:10","slug":"kit-rehaussement-cils","status":"publish","type":"product","link":"https:\/\/lilashes.fr\/index.php\/produit\/kit-rehaussement-cils\/","title":{"rendered":"Kit rehaussement de cils"},"content":{"rendered":"<p><strong>Description<\/strong><\/p>\n<p>La permanente des cils est rapide, efficace, hygi\u00e9nique et durable. Utilize-le pour cr\u00e9er de beaux cils ondul\u00e9s sans recourbe-cils. Le lifting permanent des cils est maintenant tr\u00e8s populaire dans le monde! Faites-en la promotion aupr\u00e8s de vos \u00e9l\u00e8ves ou des d\u00e9butants, bon enseignement en salon ou en \u00e9cole.<br \/>\nDonnez \u00e0 vos yeux une brillance s\u00e9duisante et fascinez de beaux cils ondul\u00e9s! Rendez vos yeux plus grands et plus beaux<\/p>\n<p><strong>Contenu du kit<\/strong><\/p>\n<p>5 paires * tige de permanente en silicone<br \/>\n3 * brosse permanente en forme de Y<br \/>\n1 bouteille * Agent nettoyant<br \/>\n1 bouteille * Agent permanent<br \/>\n1 bouteille * Agent de fixation<br \/>\n1 bouteille * Agent hydratant<br \/>\n1 bouteille * colle permanente<\/p>\n<p>Notre kit de rehaussement des cils contient un ingr\u00e9dient doux, cependant il est toujours conseill\u00e9 de faire un test d&rsquo;allergie 24 heures \u00e0 l&rsquo;avance.<br \/>\nMini kit, facile \u00e0 transporter. 1 mini kit comprend tous les outils de permanente. S\u00fbr et inoffensif pour la peau, tr\u00e8s faible odeur. Apr\u00e8s la permanente, bonne funation sur le lifting des cils<br \/>\nPour le technicien professionnel des cils, 1 kit peut faire sur 12 \u00e0 15 personnes<\/p>\n<p>Convient pour un usage professionnel et priv\u00e9<\/p>\n","protected":false},"excerpt":{"rendered":"<p>Description La permanente des cils est rapide, efficace, hygi\u00e9nique et durable. Utilize-le pour cr\u00e9er de beaux cils ondul\u00e9s sans recourbe-cils. Le lifting permanent des cils est maintenant tr\u00e8s populaire dans le monde! Faites-en la promotion aupr\u00e8s de vos \u00e9l\u00e8ves ou des d\u00e9butants, bon enseignement en salon ou en \u00e9cole. Donnez \u00e0 vos yeux une brillance [&hellip;]<\/p>\n","protected":false},"featured_media":409,"comment_status":"open","ping_status":"closed","template":"","meta":[],"product_cat":[23],"product_tag":[],"class_list":{"0":"post-88","1":"product","2":"type-product","3":"status-publish","4":"has-post-thumbnail","5":"hentry","6":"product_cat-liquides","8":"entry","9":"has-media","10":"owp-thumbs-layout-horizontal","11":"owp-btn-normal","12":"owp-tabs-layout-horizontal","13":"has-product-nav"},"_links":{"self":[{"href":"https:\/\/lilashes.fr\/index.php\/wp-json\/wp\/v2\/product\/88","targetHints":{"allow":["GET"]}}],"collection":[{"href":"https:\/\/lilashes.fr\/index.php\/wp-json\/wp\/v2\/product"}],"about":[{"href":"https:\/\/lilashes.fr\/index.php\/wp-json\/wp\/v2\/types\/product"}],"replies":[{"embeddable":true,"href":"https:\/\/lilashes.fr\/index.php\/wp-json\/wp\/v2\/comments?post=88"}],"version-history":[{"count":1,"href":"https:\/\/lilashes.fr\/index.php\/wp-json\/wp\/v2\/product\/88\/revisions"}],"predecessor-version":[{"id":10263,"href":"https:\/\/lilashes.fr\/index.php\/wp-json\/wp\/v2\/product\/88\/revisions\/10263"}],"wp:featuredmedia":[{"embeddable":true,"href":"https:\/\/lilashes.fr\/index.php\/wp-json\/wp\/v2\/media\/409"}],"wp:attachment":[{"href":"https:\/\/lilashes.fr\/index.php\/wp-json\/wp\/v2\/media?parent=88"}],"wp:term":[{"taxonomy":"product_cat","embeddable":true,"href":"https:\/\/lilashes.fr\/index.php\/wp-json\/wp\/v2\/product_cat?post=88"},{"taxonomy":"product_tag","embeddable":true,"href":"https:\/\/lilashes.fr\/index.php\/wp-json\/wp\/v2\/product_tag?post=88"}],"curies":[{"name":"wp","href":"https:\/\/api.w.org\/{rel}","templated":true}]}}